{"id":99,"date":"2019-09-30T18:08:35","date_gmt":"2019-09-30T15:08:35","guid":{"rendered":"http:\/\/www.potansif.com\/?page_id=99"},"modified":"2019-09-30T18:08:35","modified_gmt":"2019-09-30T15:08:35","slug":"muvezzi","status":"publish","type":"page","link":"http:\/\/www.potansif.com\/?page_id=99","title":{"rendered":"M\u00fcvezzi"},"content":{"rendered":"\n<p>Her g\u00fcn Gazete ve Dergi da\u011f\u0131t\u0131m\u0131 yap\u0131yorsunuz. \u015eehrin neredeyse bir \u00e7ok yerinde y\u00fczlerce aboneniz var. G\u00fcne\u015f do\u011fana kadar elinizdeki gazeteleri ve dergileri abonelerinize yeti\u015ftirmek zorundas\u0131n\u0131z yoksa m\u00fc\u015fteriler memnun kalmayacak ve onlar\u0131 kaybedeceksiniz. \u015eehri da\u011f\u0131t\u0131m anlam\u0131nda b\u00f6lgelere ay\u0131rm\u0131\u015f ve her moto kuryenize bu b\u00f6lgelerden bir ka\u00e7\u0131n\u0131 tahsis etmi\u015fsiniz. Gazete ve Dergi da\u011f\u0131t\u0131m\u0131 bittikten sonra g\u00fcn\u00fcn belli bir b\u00f6l\u00fcm\u00fcnde tahsilat i\u015flemlerinin yap\u0131lmas\u0131 gerekiyor. Her m\u00fc\u015fterinin ne kadar borcu var bilmeniz gerekiyor. Moto kuryenize kimden ne kadar tahsil edece\u011fini belirten bir liste vermeniz laz\u0131m. K\u0131sacas\u0131 i\u015finiz sadece gazete da\u011f\u0131tmakla bitmiyor, muhasebesini de tutman\u0131z ve kimden ne ald\u0131\u011f\u0131n\u0131z\u0131 bilmeniz gerek\u2026<\/p>\n\n\n\n<p>Her g\u00fcn bunlarla bo\u011fu\u015ftu\u011funuz i\u00e7in i\u015finzi b\u00fcy\u00fctemiyor ve geli\u015ftiremiyorsunuz.<\/p>\n\n\n\n<p>Bu sorunlar\u0131n\u0131z\u0131n \u00e7\u00f6z\u00fcm\u00fc bizde. Gelin birlikte sorunlar\u0131n\u0131z\u0131 \u00e7\u00f6zelim.<\/p>\n","protected":false},"excerpt":{"rendered":"<p>Her g\u00fcn Gazete ve Dergi da\u011f\u0131t\u0131m\u0131 yap\u0131yorsunuz. \u015eehrin neredeyse bir \u00e7ok yerinde y\u00fczlerce aboneniz var. G\u00fcne\u015f do\u011fana kadar elinizdeki gazeteleri ve dergileri abonelerinize yeti\u015ftirmek zorundas\u0131n\u0131z yoksa m\u00fc\u015fteriler memnun kalmayacak ve onlar\u0131 kaybedeceksiniz. \u015eehri da\u011f\u0131t\u0131m anlam\u0131nda b\u00f6lgelere ay\u0131rm\u0131\u015f ve her moto kuryenize bu b\u00f6lgelerden bir ka\u00e7\u0131n\u0131 tahsis etmi\u015fsiniz. Gazete ve Dergi da\u011f\u0131t\u0131m\u0131 bittikten sonra g\u00fcn\u00fcn belli&nbsp;&hellip;<\/p>\n","protected":false},"author":1,"featured_media":0,"parent":38,"menu_order":0,"comment_status":"closed","ping_status":"closed","template":"","meta":{"footnotes":""},"class_list":["post-99","page","type-page","status-publish","hentry"],"_links":{"self":[{"href":"http:\/\/www.potansif.com\/index.php?rest_route=\/wp\/v2\/pages\/99","targetHints":{"allow":["GET"]}}],"collection":[{"href":"http:\/\/www.potansif.com\/index.php?rest_route=\/wp\/v2\/pages"}],"about":[{"href":"http:\/\/www.potansif.com\/index.php?rest_route=\/wp\/v2\/types\/page"}],"author":[{"embeddable":true,"href":"http:\/\/www.potansif.com\/index.php?rest_route=\/wp\/v2\/users\/1"}],"replies":[{"embeddable":true,"href":"http:\/\/www.potansif.com\/index.php?rest_route=%2Fwp%2Fv2%2Fcomments&post=99"}],"version-history":[{"count":1,"href":"http:\/\/www.potansif.com\/index.php?rest_route=\/wp\/v2\/pages\/99\/revisions"}],"predecessor-version":[{"id":100,"href":"http:\/\/www.potansif.com\/index.php?rest_route=\/wp\/v2\/pages\/99\/revisions\/100"}],"up":[{"embeddable":true,"href":"http:\/\/www.potansif.com\/index.php?rest_route=\/wp\/v2\/pages\/38"}],"wp:attachment":[{"href":"http:\/\/www.potansif.com\/index.php?rest_route=%2Fwp%2Fv2%2Fmedia&parent=99"}],"curies":[{"name":"wp","href":"https:\/\/api.w.org\/{rel}","templated":true}]}}