{"id":96,"date":"2019-09-30T17:22:00","date_gmt":"2019-09-30T14:22:00","guid":{"rendered":"http:\/\/www.potansif.com\/?page_id=96"},"modified":"2019-10-09T18:52:56","modified_gmt":"2019-10-09T15:52:56","slug":"beyaz-servis","status":"publish","type":"page","link":"http:\/\/www.potansif.com\/?page_id=96","title":{"rendered":"Ak Servis"},"content":{"rendered":"\r\n<p>Beyaz E\u015fya \u00fcreten ulusal ve uluslararas\u0131 markalar\u0131n \u00fcr\u00fcnleri i\u00e7in servis hizmeti sunuyorsunuz. Fabrikalar\u0131n m\u00fc\u015fterileri size \u00fcr\u00fcn de\u011fi\u015fimi veya \u00fcr\u00fcn tamirat\u0131 i\u00e7in geliyor veya fabrikalar size m\u00fc\u015fterileri y\u00f6nlendiriyor. B\u00f6lgenizde geni\u015f bir m\u00fc\u015fteri portf\u00f6y\u00fcn\u00fcz var. Her g\u00fcn onlarca m\u00fc\u015fteri sizden hizmet talebinde bulunuyor, siz ise bu yo\u011funluktan ezilmek \u00fczeresiniz\u2026<\/p>\r\n\r\n\r\n\r\n<p>Bu dertlerin \u00e7\u00f6z\u00fcm\u00fc bizde\u2026 Ak Servis.<\/p>\r\n\r\n\r\n\r\n<p>B\u00fcy\u00fck firmalara \u00e7\u00f6z\u00fcm sunan k\u00fc\u00e7\u00fck teknik servisler i\u00e7in geli\u015ftirdi\u011fimiz Beyaz E\u015fya Teknik Servis Otomasyonudur. Ak Servis ile m\u00fc\u015fterilerinizin de\u011fi\u015fim ve onar\u0131m taleplerini, telefon aramalar\u0131n\u0131z\u0131, de\u011fi\u015fim i\u015flemlerinizi, servis i\u015flemlerinizi, tamiratlar\u0131n\u0131z\u0131, par\u00e7a de\u011fi\u015fimlerinizi takvimlendirebilir, m\u00fc\u015fteri ve \u00fcr\u00fcn baz\u0131nda takip edebilir, Saha elemanlar\u0131n\u0131za i\u015f da\u011f\u0131t\u0131m\u0131 ve anl\u0131k y\u00f6nlendirmeler yap\u0131p m\u00fc\u015fterilerinize sundu\u011funuz hizmetleri anl\u0131k olarak y\u00f6netebilirsiniz. Hem de tek bir ki\u015fi ile\u2026<\/p>\r\n","protected":false},"excerpt":{"rendered":"<p>Beyaz E\u015fya \u00fcreten ulusal ve uluslararas\u0131 markalar\u0131n \u00fcr\u00fcnleri i\u00e7in servis hizmeti sunuyorsunuz. Fabrikalar\u0131n m\u00fc\u015fterileri size \u00fcr\u00fcn de\u011fi\u015fimi veya \u00fcr\u00fcn tamirat\u0131 i\u00e7in geliyor veya fabrikalar size m\u00fc\u015fterileri y\u00f6nlendiriyor. B\u00f6lgenizde geni\u015f bir m\u00fc\u015fteri portf\u00f6y\u00fcn\u00fcz var. Her g\u00fcn onlarca m\u00fc\u015fteri sizden hizmet talebinde bulunuyor, siz ise bu yo\u011funluktan ezilmek \u00fczeresiniz\u2026 Bu dertlerin \u00e7\u00f6z\u00fcm\u00fc bizde\u2026 Ak Servis. B\u00fcy\u00fck firmalara&nbsp;&hellip;<\/p>\n","protected":false},"author":1,"featured_media":0,"parent":38,"menu_order":0,"comment_status":"closed","ping_status":"closed","template":"","meta":{"footnotes":""},"class_list":["post-96","page","type-page","status-publish","hentry"],"_links":{"self":[{"href":"http:\/\/www.potansif.com\/index.php?rest_route=\/wp\/v2\/pages\/96","targetHints":{"allow":["GET"]}}],"collection":[{"href":"http:\/\/www.potansif.com\/index.php?rest_route=\/wp\/v2\/pages"}],"about":[{"href":"http:\/\/www.potansif.com\/index.php?rest_route=\/wp\/v2\/types\/page"}],"author":[{"embeddable":true,"href":"http:\/\/www.potansif.com\/index.php?rest_route=\/wp\/v2\/users\/1"}],"replies":[{"embeddable":true,"href":"http:\/\/www.potansif.com\/index.php?rest_route=%2Fwp%2Fv2%2Fcomments&post=96"}],"version-history":[{"count":3,"href":"http:\/\/www.potansif.com\/index.php?rest_route=\/wp\/v2\/pages\/96\/revisions"}],"predecessor-version":[{"id":313,"href":"http:\/\/www.potansif.com\/index.php?rest_route=\/wp\/v2\/pages\/96\/revisions\/313"}],"up":[{"embeddable":true,"href":"http:\/\/www.potansif.com\/index.php?rest_route=\/wp\/v2\/pages\/38"}],"wp:attachment":[{"href":"http:\/\/www.potansif.com\/index.php?rest_route=%2Fwp%2Fv2%2Fmedia&parent=96"}],"curies":[{"name":"wp","href":"https:\/\/api.w.org\/{rel}","templated":true}]}}