{"id":70,"date":"2019-09-30T16:56:34","date_gmt":"2019-09-30T13:56:34","guid":{"rendered":"http:\/\/www.potansif.com\/?page_id=70"},"modified":"2019-09-30T16:56:34","modified_gmt":"2019-09-30T13:56:34","slug":"golojik","status":"publish","type":"page","link":"http:\/\/www.potansif.com\/?page_id=70","title":{"rendered":"GoLojik"},"content":{"rendered":"\n<p>S\u0131n\u0131r ticareti mi yap\u0131yorsunuz, yoksa bavul ticareti mi? Nakliye s\u00fcre\u00e7lerini ne g\u00f6nderdi\u011finizi, ne ald\u0131\u011f\u0131n\u0131z biliyor musunuz? Peki, \u00f6demeleri pe\u015fin al\u0131p kar\u015f\u0131l\u0131\u011f\u0131nda dekont mu veriyorsunuz?<\/p>\n\n\n\n<p>S\u0131n\u0131r ticareti ile u\u011fra\u015fan i\u015fletlemerin kendine \u00f6zg\u00fc i\u015f s\u00fcre\u00e7leri vard\u0131r. Takip edilmesi gereken sevkiyatlar, teslim al\u0131nmas\u0131 ve teslim edilmesi gereken paketler ve \u00e7uvallar\u0131n hangi istasyonlarda al\u0131n\u0131p hangi istasyonlarda teslim edilece\u011fi, bu i\u015f kar\u015f\u0131l\u0131\u011f\u0131nda kimden ne kadar \u00fccret tahsil edilece\u011fi, kimin teslim etti\u011fi ve kimin teslim ald\u0131\u011f\u0131 gibi konular anl\u0131k olarak takip edilmeli. Bir sonraki sevkiyatta hangi konteynerin ne kadar\u0131n\u0131n doldu\u011fu ne kadarl\u0131k mal y\u00fcklenebilece\u011fi, ne zaman harekete ge\u00e7ilece\u011fi gibi konular otomatik olarak planlanabilmeli. \u0130\u015fletmenin o anki durumu hem merkezden hem de \u015fubeler taraf\u0131ndan anl\u0131k olarak takip edilebilmelidir. Varmak \u00fczere olanlar ve yola yeni \u00e7\u0131km\u0131\u015f olanlar net olarak bilinebilmeli ve gereken haz\u0131rl\u0131klar \u00f6nceden yap\u0131labilmelidir.<\/p>\n\n\n\n<p>Potansif GoLojik, bavul ve s\u0131n\u0131r ticareti ile u\u011fra\u015fanlar i\u00e7in t\u00fcm bu s\u00fcre\u00e7leri takip eden e\u015fsiz bir Nakliye Otomasyonudur.<\/p>\n","protected":false},"excerpt":{"rendered":"<p>S\u0131n\u0131r ticareti mi yap\u0131yorsunuz, yoksa bavul ticareti mi? Nakliye s\u00fcre\u00e7lerini ne g\u00f6nderdi\u011finizi, ne ald\u0131\u011f\u0131n\u0131z biliyor musunuz? Peki, \u00f6demeleri pe\u015fin al\u0131p kar\u015f\u0131l\u0131\u011f\u0131nda dekont mu veriyorsunuz? S\u0131n\u0131r ticareti ile u\u011fra\u015fan i\u015fletlemerin kendine \u00f6zg\u00fc i\u015f s\u00fcre\u00e7leri vard\u0131r. Takip edilmesi gereken sevkiyatlar, teslim al\u0131nmas\u0131 ve teslim edilmesi gereken paketler ve \u00e7uvallar\u0131n hangi istasyonlarda al\u0131n\u0131p hangi istasyonlarda teslim edilece\u011fi, bu&nbsp;&hellip;<\/p>\n","protected":false},"author":1,"featured_media":0,"parent":38,"menu_order":0,"comment_status":"closed","ping_status":"closed","template":"","meta":{"footnotes":""},"class_list":["post-70","page","type-page","status-publish","hentry"],"_links":{"self":[{"href":"http:\/\/www.potansif.com\/index.php?rest_route=\/wp\/v2\/pages\/70","targetHints":{"allow":["GET"]}}],"collection":[{"href":"http:\/\/www.potansif.com\/index.php?rest_route=\/wp\/v2\/pages"}],"about":[{"href":"http:\/\/www.potansif.com\/index.php?rest_route=\/wp\/v2\/types\/page"}],"author":[{"embeddable":true,"href":"http:\/\/www.potansif.com\/index.php?rest_route=\/wp\/v2\/users\/1"}],"replies":[{"embeddable":true,"href":"http:\/\/www.potansif.com\/index.php?rest_route=%2Fwp%2Fv2%2Fcomments&post=70"}],"version-history":[{"count":1,"href":"http:\/\/www.potansif.com\/index.php?rest_route=\/wp\/v2\/pages\/70\/revisions"}],"predecessor-version":[{"id":71,"href":"http:\/\/www.potansif.com\/index.php?rest_route=\/wp\/v2\/pages\/70\/revisions\/71"}],"up":[{"embeddable":true,"href":"http:\/\/www.potansif.com\/index.php?rest_route=\/wp\/v2\/pages\/38"}],"wp:attachment":[{"href":"http:\/\/www.potansif.com\/index.php?rest_route=%2Fwp%2Fv2%2Fmedia&parent=70"}],"curies":[{"name":"wp","href":"https:\/\/api.w.org\/{rel}","templated":true}]}}