{"id":66,"date":"2019-09-30T15:27:05","date_gmt":"2019-09-30T12:27:05","guid":{"rendered":"http:\/\/www.potansif.com\/?page_id=66"},"modified":"2019-09-30T15:42:38","modified_gmt":"2019-09-30T12:42:38","slug":"sirius-erp","status":"publish","type":"page","link":"http:\/\/www.potansif.com\/?page_id=66","title":{"rendered":"Sirius ERP"},"content":{"rendered":"\n<p>Herhangi bir i\u015fletmenin \u00f6l\u00e7e\u011fi her ne olursa olsun, \u00e7al\u0131\u015fanlar\u0131n farkl\u0131 g\u00f6rev ve sorumluluklar\u0131 vard\u0131r. Bu g\u00f6revlerden herhangi birinin, herhangi bir nedenle aksamas\u0131 durumunda i\u015fletmenin tamam\u0131n\u0131 olumsuz etkileyecek sonu\u00e7lar ortaya \u00e7\u0131kabilir. Kurumsal Kaynak Planlama (ERP) t\u00fcm \u00e7al\u0131\u015fanlar\u0131n ve t\u00fcm g\u00f6revlerin merkezi bir noktadan ve otomatikle\u015ftirilmi\u015f \u015fekilde y\u00f6netilmesini sa\u011flar. Bu sayede i\u015fletmedeki t\u00fcm kaynaklar ve s\u00fcre\u00e7ler etkili \u015fekilde kontrol edilir, insan kaynakl\u0131 hatalar ortadan kalkar, zaman ve maliyet tasarrufu elde edilir.<\/p>\n\n\n\n<p>K\u00fc\u00e7\u00fck i\u015fletmelerden b\u00fcy\u00fck \u00f6l\u00e7ekli i\u015fletmelere kadar her \u00f6l\u00e7ekten firma ERP ile i\u015f s\u00fcre\u00e7lerini iyile\u015ftirip verimlilik art\u0131\u015f\u0131 sa\u011flayabilir. Sirius ERP portf\u00f6y\u00fcnde, farkl\u0131 ihtiya\u00e7lara g\u00f6re tasarlanm\u0131\u015f farkl\u0131 \u00e7\u00f6z\u00fcmler bulunmaktad\u0131r.<\/p>\n\n\n\n<p>\u0130\u015f s\u00fcre\u00e7lerini \u00e7ok daha kolay, pratik, uygun maliyetli ve etkin bir \u015fekilde y\u00f6netmeyi sa\u011flayan Sirius ERP \u00e7\u00f6z\u00fcmleri, kalite ve verimlilik anlay\u0131\u015f\u0131n\u0131, \u00e7al\u0131\u015fan d\u00fczeyinden ba\u015flayarak t\u00fcm s\u00fcre\u00e7lere yayg\u0131nla\u015ft\u0131r\u0131yor. B\u00f6ylece i\u015fletmenin tamam\u0131nda karma\u015f\u0131k i\u015f s\u00fcre\u00e7leri sadele\u015fiyor ve iyile\u015ftiriliyor.<\/p>\n\n\n\n<p>Sirius ERP portf\u00f6y\u00fcnde standart kurulumlar\u0131n yan\u0131 s\u0131ra geli\u015ftirmeye a\u00e7\u0131k, mod\u00fcler yap\u0131lar da sunuluyor. \u0130ste\u011fe ve ihtiyaca g\u00f6re eklenebilen mod\u00fcllerle t\u00fcm i\u015fletmeler, kendileri i\u00e7in en uygun ERP paketini olu\u015fturabiliyor.<\/p>\n\n\n\n<p>Sirius ERP ile ilgili \u00f6zel talepleriniz oldu\u011funda fahi\u015f fiyatlarla durumdan faydalanm\u0131yoruz ama sizi geri de \u00e7evirmiyoruz ve sorununuz her ne ise \u00e7\u00f6z\u00fcyoruz.<\/p>\n","protected":false},"excerpt":{"rendered":"<p>Herhangi bir i\u015fletmenin \u00f6l\u00e7e\u011fi her ne olursa olsun, \u00e7al\u0131\u015fanlar\u0131n farkl\u0131 g\u00f6rev ve sorumluluklar\u0131 vard\u0131r. Bu g\u00f6revlerden herhangi birinin, herhangi bir nedenle aksamas\u0131 durumunda i\u015fletmenin tamam\u0131n\u0131 olumsuz etkileyecek sonu\u00e7lar ortaya \u00e7\u0131kabilir. Kurumsal Kaynak Planlama (ERP) t\u00fcm \u00e7al\u0131\u015fanlar\u0131n ve t\u00fcm g\u00f6revlerin merkezi bir noktadan ve otomatikle\u015ftirilmi\u015f \u015fekilde y\u00f6netilmesini sa\u011flar. Bu sayede i\u015fletmedeki t\u00fcm kaynaklar ve s\u00fcre\u00e7ler etkili&nbsp;&hellip;<\/p>\n","protected":false},"author":1,"featured_media":0,"parent":38,"menu_order":0,"comment_status":"closed","ping_status":"closed","template":"","meta":{"footnotes":""},"class_list":["post-66","page","type-page","status-publish","hentry"],"_links":{"self":[{"href":"http:\/\/www.potansif.com\/index.php?rest_route=\/wp\/v2\/pages\/66","targetHints":{"allow":["GET"]}}],"collection":[{"href":"http:\/\/www.potansif.com\/index.php?rest_route=\/wp\/v2\/pages"}],"about":[{"href":"http:\/\/www.potansif.com\/index.php?rest_route=\/wp\/v2\/types\/page"}],"author":[{"embeddable":true,"href":"http:\/\/www.potansif.com\/index.php?rest_route=\/wp\/v2\/users\/1"}],"replies":[{"embeddable":true,"href":"http:\/\/www.potansif.com\/index.php?rest_route=%2Fwp%2Fv2%2Fcomments&post=66"}],"version-history":[{"count":3,"href":"http:\/\/www.potansif.com\/index.php?rest_route=\/wp\/v2\/pages\/66\/revisions"}],"predecessor-version":[{"id":69,"href":"http:\/\/www.potansif.com\/index.php?rest_route=\/wp\/v2\/pages\/66\/revisions\/69"}],"up":[{"embeddable":true,"href":"http:\/\/www.potansif.com\/index.php?rest_route=\/wp\/v2\/pages\/38"}],"wp:attachment":[{"href":"http:\/\/www.potansif.com\/index.php?rest_route=%2Fwp%2Fv2%2Fmedia&parent=66"}],"curies":[{"name":"wp","href":"https:\/\/api.w.org\/{rel}","templated":true}]}}