{"id":102,"date":"2019-09-30T18:38:56","date_gmt":"2019-09-30T15:38:56","guid":{"rendered":"http:\/\/www.potansif.com\/?page_id=102"},"modified":"2019-09-30T19:00:26","modified_gmt":"2019-09-30T16:00:26","slug":"motojet","status":"publish","type":"page","link":"http:\/\/www.potansif.com\/?page_id=102","title":{"rendered":"MotoJet"},"content":{"rendered":"\n<p>Motorlu Kurye Filonuzu anl\u0131k olarak y\u00f6netebilece\u011finiz e\u015fsiz benzersiz bir otomasyon uygulamas\u0131d\u0131r. Firman\u0131za Merkezi Y\u00f6netim ve Takip yetene\u011fi kazand\u0131rmakla kalmaz, ayn\u0131 zamanda ticari faaliyetlerinizin \u00f6n muhasebesini de tutman\u0131z\u0131 kolayla\u015ft\u0131r\u0131r.<\/p>\n\n\n\n<p>Anl\u0131k m\u00fc\u015fterilerden veya daimi abonelerinizden emanet ald\u0131\u011f\u0131n\u0131z evrak veya paketleri belirledi\u011finiz g\u00fczergah ve b\u00f6lgeler \u00fczerinden \u00fccretlendirip i\u015fletmenize \u00f6zel tarifelerle tahsilat yapabilece\u011finiz merkezi ve mobil bir alt yap\u0131 sunar. <\/p>\n\n\n\n<p>Hangi kuryede hangi i\u015flerin oldu\u011funu, hangilerinin bo\u015fta kald\u0131\u011f\u0131n\u0131, ne kadar tahsilat yapt\u0131\u011f\u0131n\u0131z\u0131 ve hangi i\u015flerin hen\u00fcz teslimat\u0131n\u0131n yap\u0131lmad\u0131\u011f\u0131n\u0131 anl\u0131k olarak takip edebilirsiniz.<\/p>\n\n\n\n<p>B\u00f6lgesel fiyatland\u0131rma, normal, acil ve ekspres teslimat gibi se\u00e7enekler, cari hesap ekstresi, bor\u00e7 ve alacak bakiyeleri ve d\u00f6k\u00fcm\u00fc gibi haz\u0131r raporlar ile birlikte gelmektedir.<\/p>\n","protected":false},"excerpt":{"rendered":"<p>Motorlu Kurye Filonuzu anl\u0131k olarak y\u00f6netebilece\u011finiz e\u015fsiz benzersiz bir otomasyon uygulamas\u0131d\u0131r. Firman\u0131za Merkezi Y\u00f6netim ve Takip yetene\u011fi kazand\u0131rmakla kalmaz, ayn\u0131 zamanda ticari faaliyetlerinizin \u00f6n muhasebesini de tutman\u0131z\u0131 kolayla\u015ft\u0131r\u0131r. Anl\u0131k m\u00fc\u015fterilerden veya daimi abonelerinizden emanet ald\u0131\u011f\u0131n\u0131z evrak veya paketleri belirledi\u011finiz g\u00fczergah ve b\u00f6lgeler \u00fczerinden \u00fccretlendirip i\u015fletmenize \u00f6zel tarifelerle tahsilat yapabilece\u011finiz merkezi ve mobil bir alt yap\u0131&nbsp;&hellip;<\/p>\n","protected":false},"author":1,"featured_media":0,"parent":38,"menu_order":0,"comment_status":"closed","ping_status":"closed","template":"","meta":{"footnotes":""},"class_list":["post-102","page","type-page","status-publish","hentry"],"_links":{"self":[{"href":"http:\/\/www.potansif.com\/index.php?rest_route=\/wp\/v2\/pages\/102","targetHints":{"allow":["GET"]}}],"collection":[{"href":"http:\/\/www.potansif.com\/index.php?rest_route=\/wp\/v2\/pages"}],"about":[{"href":"http:\/\/www.potansif.com\/index.php?rest_route=\/wp\/v2\/types\/page"}],"author":[{"embeddable":true,"href":"http:\/\/www.potansif.com\/index.php?rest_route=\/wp\/v2\/users\/1"}],"replies":[{"embeddable":true,"href":"http:\/\/www.potansif.com\/index.php?rest_route=%2Fwp%2Fv2%2Fcomments&post=102"}],"version-history":[{"count":6,"href":"http:\/\/www.potansif.com\/index.php?rest_route=\/wp\/v2\/pages\/102\/revisions"}],"predecessor-version":[{"id":109,"href":"http:\/\/www.potansif.com\/index.php?rest_route=\/wp\/v2\/pages\/102\/revisions\/109"}],"up":[{"embeddable":true,"href":"http:\/\/www.potansif.com\/index.php?rest_route=\/wp\/v2\/pages\/38"}],"wp:attachment":[{"href":"http:\/\/www.potansif.com\/index.php?rest_route=%2Fwp%2Fv2%2Fmedia&parent=102"}],"curies":[{"name":"wp","href":"https:\/\/api.w.org\/{rel}","templated":true}]}}